{"id":234,"date":"2020-09-22T12:26:40","date_gmt":"2020-09-22T10:26:40","guid":{"rendered":"http:\/\/wp.steelstrip.it\/?page_id=234"},"modified":"2020-10-01T15:10:51","modified_gmt":"2020-10-01T13:10:51","slug":"chi-siamo-dove-siamo","status":"publish","type":"page","link":"http:\/\/www.steelstrip.it\/index.php\/chi-siamo-dove-siamo\/","title":{"rendered":"CHI SIAMO"},"content":{"rendered":"\n<p class=\"has-medium-font-size\"><strong>STORIA<\/strong><\/p>\n\n\n\n<p>Grazie alla passione, dedizione per il lavoro e incredibile determinazione <a rel=\"noreferrer noopener\" href=\"http:\/\/steelstrip.it\/images\/storia\/DSCF0003.JPG\" target=\"_blank\"><\/a> <em>Rocco Maggioni <\/em>nel 1963 fonda l&#8217;omonima azienda che negli anni si afferma sempre pi\u00f9 nel campo siderurgico.<br>Successivamente viene affiancato dai figli che ne condividono capacit\u00e0&nbsp; e competenza migliorando in tal modo la realt\u00e0 produttiva e organizzativa dell&#8217;azienda.<\/p>\n\n\n\n<p>Con un&#8217;esperienza consolidata da anni, la <em>Steel Strip <\/em>si occupa principalmente di cesoiatura nastri in ferro a cui va aggiunta la laminatura, la bordatura, la cesoiatura e la spianatura in collaborazione con centri servizi esterni.<\/p>\n\n\n\n<p>Oltre alla commercializzazione del prodotto siderurgico, offre anche la lavorazione c\/terzi per la nastratura di ferro, acciaio, rame, alluminio, ottone e lamierino magnetico.<\/p>\n\n\n\n<p>Flessibilit\u00e0 , rapidit\u00e0&nbsp; e disponibilit\u00e0&nbsp; immediata di un magazzino sempre ben fornito sono i punti di forza che hanno permesso all&#8217;azienda di crescere continuamente nel tempo al fine di offrire un servizio completo di collaborazione e qualit\u00e0&nbsp; alla nostra clientela.<\/p>\n\n\n\n<figure class=\"wp-block-gallery columns-2 is-cropped\"><ul class=\"blocks-gallery-grid\"><li class=\"blocks-gallery-item\"><figure><a href=\"http:\/\/www.steelstrip.it\/wp-content\/uploads\/2020\/10\/DSCF0061.jpg\"><img loading=\"lazy\" width=\"1024\" height=\"768\" src=\"http:\/\/www.steelstrip.it\/wp-content\/uploads\/2020\/10\/DSCF0061-1024x768.jpg\" alt=\"\" data-id=\"467\" data-full-url=\"http:\/\/www.steelstrip.it\/wp-content\/uploads\/2020\/10\/DSCF0061.jpg\" data-link=\"http:\/\/www.steelstrip.it\/index.php\/chi-siamo-dove-siamo\/dscf0061-2\/\" class=\"wp-image-467\" srcset=\"http:\/\/www.steelstrip.it\/wp-content\/uploads\/2020\/10\/DSCF0061-1024x768.jpg 1024w, http:\/\/www.steelstrip.it\/wp-content\/uploads\/2020\/10\/DSCF0061-300x225.jpg 300w, http:\/\/www.steelstrip.it\/wp-content\/uploads\/2020\/10\/DSCF0061-768x576.jpg 768w, http:\/\/www.steelstrip.it\/wp-content\/uploads\/2020\/10\/DSCF0061.jpg 1280w\" sizes=\"(max-width: 706px) 89vw, (max-width: 767px) 82vw, 740px\" \/><\/a><\/figure><\/li><li class=\"blocks-gallery-item\"><figure><a href=\"http:\/\/www.steelstrip.it\/wp-content\/uploads\/2020\/10\/DSCF0079.jpg\"><img loading=\"lazy\" width=\"1024\" height=\"631\" src=\"http:\/\/www.steelstrip.it\/wp-content\/uploads\/2020\/10\/DSCF0079-1024x631.jpg\" alt=\"\" data-id=\"468\" data-full-url=\"http:\/\/www.steelstrip.it\/wp-content\/uploads\/2020\/10\/DSCF0079.jpg\" data-link=\"http:\/\/www.steelstrip.it\/index.php\/chi-siamo-dove-siamo\/dscf0079-2\/\" class=\"wp-image-468\" srcset=\"http:\/\/www.steelstrip.it\/wp-content\/uploads\/2020\/10\/DSCF0079-1024x631.jpg 1024w, http:\/\/www.steelstrip.it\/wp-content\/uploads\/2020\/10\/DSCF0079-300x185.jpg 300w, http:\/\/www.steelstrip.it\/wp-content\/uploads\/2020\/10\/DSCF0079-768x473.jpg 768w, http:\/\/www.steelstrip.it\/wp-content\/uploads\/2020\/10\/DSCF0079.jpg 1114w\" sizes=\"(max-width: 706px) 89vw, (max-width: 767px) 82vw, 740px\" \/><\/a><\/figure><\/li><\/ul><\/figure>\n","protected":false},"excerpt":{"rendered":"<p>STORIA Grazie alla passione, dedizione per il lavoro e incredibile determinazione Rocco Maggioni nel 1963 fonda l&#8217;omonima azienda che negli anni si afferma sempre pi\u00f9 nel campo siderurgico.Successivamente viene affiancato dai figli che ne condividono capacit\u00e0&nbsp; e competenza migliorando in tal modo la realt\u00e0 produttiva e organizzativa dell&#8217;azienda. Con un&#8217;esperienza consolidata da anni, la Steel &hellip; <\/p>\n<p class=\"link-more\"><a href=\"http:\/\/www.steelstrip.it\/index.php\/chi-siamo-dove-siamo\/\" class=\"more-link\">Leggi tutto<span class=\"screen-reader-text\"> &#8220;CHI SIAMO&#8221;<\/span><\/a><\/p>\n","protected":false},"author":1,"featured_media":0,"parent":0,"menu_order":0,"comment_status":"closed","ping_status":"closed","template":"","meta":[],"_links":{"self":[{"href":"http:\/\/www.steelstrip.it\/index.php\/wp-json\/wp\/v2\/pages\/234"}],"collection":[{"href":"http:\/\/www.steelstrip.it\/index.php\/wp-json\/wp\/v2\/pages"}],"about":[{"href":"http:\/\/www.steelstrip.it\/index.php\/wp-json\/wp\/v2\/types\/page"}],"author":[{"embeddable":true,"href":"http:\/\/www.steelstrip.it\/index.php\/wp-json\/wp\/v2\/users\/1"}],"replies":[{"embeddable":true,"href":"http:\/\/www.steelstrip.it\/index.php\/wp-json\/wp\/v2\/comments?post=234"}],"version-history":[{"count":15,"href":"http:\/\/www.steelstrip.it\/index.php\/wp-json\/wp\/v2\/pages\/234\/revisions"}],"predecessor-version":[{"id":469,"href":"http:\/\/www.steelstrip.it\/index.php\/wp-json\/wp\/v2\/pages\/234\/revisions\/469"}],"wp:attachment":[{"href":"http:\/\/www.steelstrip.it\/index.php\/wp-json\/wp\/v2\/media?parent=234"}],"curies":[{"name":"wp","href":"https:\/\/api.w.org\/{rel}","templated":true}]}}