{"id":190,"date":"2020-09-22T11:16:35","date_gmt":"2020-09-22T09:16:35","guid":{"rendered":"http:\/\/wp.steelstrip.it\/?page_id=190"},"modified":"2020-10-20T15:18:57","modified_gmt":"2020-10-20T13:18:57","slug":"qualita","status":"publish","type":"page","link":"http:\/\/www.steelstrip.it\/index.php\/qualita\/","title":{"rendered":"QUALITA&#8217;"},"content":{"rendered":"\n<p class=\"has-text-align-left\"><em>Steel Strip srl<\/em> garantisce la qualit\u00e0&nbsp; dei suoi prodotti.<br>Il processo produttivo viene eseguito con le consuete cautele e attenzione alla qualit\u00e0&nbsp; del prodotto avvalendosi di specifici macchinari per il controllo qualit\u00e0&nbsp; e la gestione informatica di tutte le procedure di lavorazione del prodotto.<\/p>\n\n\n\n<div style=\"height:100px\" aria-hidden=\"true\" class=\"wp-block-spacer\"><\/div>\n\n\n\n<figure class=\"wp-block-gallery columns-3 is-cropped\"><ul class=\"blocks-gallery-grid\"><li class=\"blocks-gallery-item\"><figure><a href=\"http:\/\/www.steelstrip.it\/wp-content\/uploads\/2020\/10\/DSCF0011.jpg\"><img loading=\"lazy\" width=\"762\" height=\"1024\" src=\"http:\/\/www.steelstrip.it\/wp-content\/uploads\/2020\/10\/DSCF0011-762x1024.jpg\" alt=\"\" data-id=\"473\" data-full-url=\"http:\/\/www.steelstrip.it\/wp-content\/uploads\/2020\/10\/DSCF0011.jpg\" data-link=\"http:\/\/www.steelstrip.it\/index.php\/qualita\/dscf0011-7\/\" class=\"wp-image-473\" srcset=\"http:\/\/www.steelstrip.it\/wp-content\/uploads\/2020\/10\/DSCF0011-762x1024.jpg 762w, http:\/\/www.steelstrip.it\/wp-content\/uploads\/2020\/10\/DSCF0011-223x300.jpg 223w, http:\/\/www.steelstrip.it\/wp-content\/uploads\/2020\/10\/DSCF0011-768x1032.jpg 768w, http:\/\/www.steelstrip.it\/wp-content\/uploads\/2020\/10\/DSCF0011.jpg 894w\" sizes=\"(max-width: 706px) 89vw, (max-width: 767px) 82vw, 740px\" \/><\/a><\/figure><\/li><li class=\"blocks-gallery-item\"><figure><a href=\"http:\/\/www.steelstrip.it\/wp-content\/uploads\/2020\/10\/DSCF0014.jpg\"><img loading=\"lazy\" width=\"1024\" height=\"768\" src=\"http:\/\/www.steelstrip.it\/wp-content\/uploads\/2020\/10\/DSCF0014-1024x768.jpg\" alt=\"\" data-id=\"474\" data-full-url=\"http:\/\/www.steelstrip.it\/wp-content\/uploads\/2020\/10\/DSCF0014.jpg\" data-link=\"http:\/\/www.steelstrip.it\/index.php\/qualita\/dscf0014-6\/\" class=\"wp-image-474\" srcset=\"http:\/\/www.steelstrip.it\/wp-content\/uploads\/2020\/10\/DSCF0014-1024x768.jpg 1024w, http:\/\/www.steelstrip.it\/wp-content\/uploads\/2020\/10\/DSCF0014-300x225.jpg 300w, http:\/\/www.steelstrip.it\/wp-content\/uploads\/2020\/10\/DSCF0014-768x576.jpg 768w, http:\/\/www.steelstrip.it\/wp-content\/uploads\/2020\/10\/DSCF0014.jpg 1280w\" sizes=\"(max-width: 706px) 89vw, (max-width: 767px) 82vw, 740px\" \/><\/a><\/figure><\/li><li class=\"blocks-gallery-item\"><figure><a href=\"http:\/\/www.steelstrip.it\/wp-content\/uploads\/2020\/10\/DSCF0020.jpg\"><img loading=\"lazy\" width=\"768\" height=\"1024\" src=\"http:\/\/www.steelstrip.it\/wp-content\/uploads\/2020\/10\/DSCF0020-768x1024.jpg\" alt=\"\" data-id=\"475\" data-full-url=\"http:\/\/www.steelstrip.it\/wp-content\/uploads\/2020\/10\/DSCF0020.jpg\" data-link=\"http:\/\/www.steelstrip.it\/index.php\/qualita\/dscf0020-2\/\" class=\"wp-image-475\" srcset=\"http:\/\/www.steelstrip.it\/wp-content\/uploads\/2020\/10\/DSCF0020-768x1024.jpg 768w, http:\/\/www.steelstrip.it\/wp-content\/uploads\/2020\/10\/DSCF0020-225x300.jpg 225w, http:\/\/www.steelstrip.it\/wp-content\/uploads\/2020\/10\/DSCF0020.jpg 960w\" sizes=\"(max-width: 706px) 89vw, (max-width: 767px) 82vw, 740px\" \/><\/a><\/figure><\/li><\/ul><\/figure>\n","protected":false},"excerpt":{"rendered":"<p>Steel Strip srl garantisce la qualit\u00e0&nbsp; dei suoi prodotti.Il processo produttivo viene eseguito con le consuete cautele e attenzione alla qualit\u00e0&nbsp; del prodotto avvalendosi di specifici macchinari per il controllo qualit\u00e0&nbsp; e la gestione informatica di tutte le procedure di lavorazione del prodotto.<\/p>\n","protected":false},"author":1,"featured_media":0,"parent":0,"menu_order":0,"comment_status":"closed","ping_status":"closed","template":"","meta":[],"_links":{"self":[{"href":"http:\/\/www.steelstrip.it\/index.php\/wp-json\/wp\/v2\/pages\/190"}],"collection":[{"href":"http:\/\/www.steelstrip.it\/index.php\/wp-json\/wp\/v2\/pages"}],"about":[{"href":"http:\/\/www.steelstrip.it\/index.php\/wp-json\/wp\/v2\/types\/page"}],"author":[{"embeddable":true,"href":"http:\/\/www.steelstrip.it\/index.php\/wp-json\/wp\/v2\/users\/1"}],"replies":[{"embeddable":true,"href":"http:\/\/www.steelstrip.it\/index.php\/wp-json\/wp\/v2\/comments?post=190"}],"version-history":[{"count":4,"href":"http:\/\/www.steelstrip.it\/index.php\/wp-json\/wp\/v2\/pages\/190\/revisions"}],"predecessor-version":[{"id":476,"href":"http:\/\/www.steelstrip.it\/index.php\/wp-json\/wp\/v2\/pages\/190\/revisions\/476"}],"wp:attachment":[{"href":"http:\/\/www.steelstrip.it\/index.php\/wp-json\/wp\/v2\/media?parent=190"}],"curies":[{"name":"wp","href":"https:\/\/api.w.org\/{rel}","templated":true}]}}